{"id":210,"date":"2017-09-18T20:46:40","date_gmt":"2017-09-18T20:46:40","guid":{"rendered":"http:\/\/neosan.md\/?page_id=210"},"modified":"2025-03-18T15:08:13","modified_gmt":"2025-03-18T13:08:13","slug":"contacte","status":"publish","type":"page","link":"https:\/\/neosan.md\/ro\/contacte\/","title":{"rendered":"Contacte"},"content":{"rendered":"<p>[vc_row][vc_column][vc_column_text]Tipografia \u201eNeosan SRL\u201d activeaz\u0103 pe pia\u021ba artelor grafice din Moldova \u00eencep\u00e2nd cu anul 2009, reu\u0219ind s\u0103 c\u00e2\u0219tige un punct de sprijin ferm \u0219i, mai ales, \u00eencrederea clien\u021bilor, printre care mai mult de jum\u0103tate sunt clien\u021bi permanen\u021bi. De asemenea, am dob\u00e2ndit reputa\u021bia de companie de \u00eencredere.<\/p>\n<p>Capacit\u0103\u021bile tehnice ale produc\u021biei noastre:<br \/>\n\u2022 Formatul maxim de imprimare este de 730&#215;510 mm.<br \/>\n\u2022 Tipuri de h\u00e2rtie: acoperit\u0103, autocolant\u0103, autoadeziv\u0103 cu o densitate de 45 gr\/mp, p\u00e2n\u0103 la 350 gr\/mp.<br \/>\n\u2022 Tipuri de carton: strat de acoperire pe dou\u0103 fe\u021be cu o densitate de 200 gr\/mp p\u00e2n\u0103 la 315 gr\/mp.<br \/>\n\u2022 Prelucrare post-imprimare: t\u0103iere, f\u0103l\u021buire (pliere), biguire, bro\u0219are.<br \/>\n\u2022 Procese de finisare: laminare una\/dou\u0103 laturi de densitate diferit\u0103, embosare.<\/p>\n<p>Noi cre\u0103m cel mai bun, utiliz\u00e2nd resurse minime.<br \/>\nContacta\u021bi-ne! Echipa \u201eNeosan\u201d este \u00eentotdeauna disponibil\u0103 \u0219i fericit\u0103 s\u0103 v\u0103 ajute!<\/p>\n<p>&nbsp;<\/p>\n<p>&nbsp;<\/p>\n<h5 style=\"font-size: 30px;\">Contacta\u021bi-ne<\/h5>\n<p><a href=\"https:\/\/www.facebook.com\/NeosanPrint\">Facebook<\/a><br \/>\nContacte OFICIU:<br \/>\nTelefon OFICIU \/ Viber \/ Whatsapp: +373 78 74 72 72<br \/>\nE-mail: welcome@neosan.md<br \/>\nWeb: <a href=\"http:\/\/neosan.md\/\">http:\/\/neosan.md\/<\/a><\/p>\n<p><a href=\"https:\/\/www.facebook.com\/NeosanPrint\">https:\/\/www.facebook.com\/NeosanPrint<\/a><br \/>\nAdresa: str. Me\u0219terul Manole 9\/a, MD-2037, mun. Chisinau, Republica Moldova<br \/>\nGoogle Maps: https:\/\/g.co\/kgs\/xasrdnphttps:\/\/goo.gl\/maps\/5M96zgSwnW5VKw1S7<\/p>\n<p>&nbsp;[\/vc_column_text][vc_single_image image=&#8221;434&#8243; img_size=&#8221;full&#8221; onclick=&#8221;custom_link&#8221; link=&#8221;https:\/\/goo.gl\/maps\/5M96zgSwnW5VKw1S7&#8243;][\/vc_column][\/vc_row]<\/p>\n","protected":false},"excerpt":{"rendered":"<p>[vc_row][vc_column][vc_column_text]Tipografia \u201eNeosan SRL\u201d activeaz\u0103 pe pia\u021ba artelor grafice din Moldova \u00eencep\u00e2nd cu anul 2009, reu\u0219ind s\u0103 c\u00e2\u0219tige un punct de sprijin ferm \u0219i, mai ales, \u00eencrederea clien\u021bilor, printre care mai mult de jum\u0103tate sunt clien\u021bi permanen\u021bi. De asemenea, am dob\u00e2ndit reputa\u021bia de companie de \u00eencredere. Capacit\u0103\u021bile tehnice ale produc\u021biei noastre:<\/p>\n<div class=\"post-button\">\n\t\t\t   <a href=\"https:\/\/neosan.md\/ro\/contacte\/\">Read More<\/a>\n\t\t\t<\/div>\n","protected":false},"author":1,"featured_media":141,"parent":0,"menu_order":0,"comment_status":"closed","ping_status":"closed","template":"template-page.php","meta":[],"_links":{"self":[{"href":"https:\/\/neosan.md\/ro\/wp-json\/wp\/v2\/pages\/210"}],"collection":[{"href":"https:\/\/neosan.md\/ro\/wp-json\/wp\/v2\/pages"}],"about":[{"href":"https:\/\/neosan.md\/ro\/wp-json\/wp\/v2\/types\/page"}],"author":[{"embeddable":true,"href":"https:\/\/neosan.md\/ro\/wp-json\/wp\/v2\/users\/1"}],"replies":[{"embeddable":true,"href":"https:\/\/neosan.md\/ro\/wp-json\/wp\/v2\/comments?post=210"}],"version-history":[{"count":20,"href":"https:\/\/neosan.md\/ro\/wp-json\/wp\/v2\/pages\/210\/revisions"}],"predecessor-version":[{"id":461,"href":"https:\/\/neosan.md\/ro\/wp-json\/wp\/v2\/pages\/210\/revisions\/461"}],"wp:featuredmedia":[{"embeddable":true,"href":"https:\/\/neosan.md\/ro\/wp-json\/wp\/v2\/media\/141"}],"wp:attachment":[{"href":"https:\/\/neosan.md\/ro\/wp-json\/wp\/v2\/media?parent=210"}],"curies":[{"name":"wp","href":"https:\/\/api.w.org\/{rel}","templated":true}]}}